{"id":1084,"date":"2021-05-02T18:44:12","date_gmt":"2021-05-02T23:44:12","guid":{"rendered":"https:\/\/www.istmo-energy.com\/home-english\/"},"modified":"2021-05-02T19:21:32","modified_gmt":"2021-05-03T00:21:32","slug":"home-english","status":"publish","type":"page","link":"https:\/\/www.istmo-energy.com\/en\/home-english\/","title":{"rendered":"Home &#8211; English"},"content":{"rendered":"<div class=\"boldgrid-section\">\n<div class=\"container\">\n<div class=\"row\">\n<div class=\"col-md-12 col-xs-12 col-sm-12\">\n<h2>Istmo Energy<\/h2>\n<h2>L\u00edderes en proyectos de energ\u00eda el\u00e9ctrica<\/h2>\n<p class=\"\"><a role=\"button\" href=\"#\"><br \/>\nConoce Istmo Energy<br \/>\n<\/a><br \/>\n<a role=\"button\" href=\"#\"><br \/>\nNuestros proyectos<br \/>\n<\/a><\/p>\n<h2>Services<\/h2>\n<p class=\"\">Lorem ipsum dolor sit amet, consectetur adipiscing elit. &nbsp;Ut elit tellus, luctus nec ullamcorper mattis, pulvinar dapibus leo.<\/p>\n<\/div>\n<\/div>\n<\/div>\n<\/div>\n<figure>\n<p class=\"mod-reset\"><img loading=\"lazy\" decoding=\"async\" src=\"https:\/\/www.istmo-energy.com\/wp-content\/uploads\/2021\/04\/clipboard.svg\" alt=\"\" width=\"512\" height=\"512\"><\/p>\n<\/figure>\n<div class=\"boldgrid-section\">\n<div class=\"container\">\n<div class=\"row\">\n<div class=\"col-md-12 col-xs-12 col-sm-12\">\n<h3>Project Management<\/h3>\n<p>Lorem ipsum dolor sit amet, consetetur sadipscing elitr, sed diam nonumy eirmod tempor invidunt ut labore et dolore magna.<\/p>\n<ul>\n<li><a href=\"#\"> Ver m\u00e1s<br \/>\n<\/a><\/li>\n<\/ul>\n<\/div>\n<\/div>\n<\/div>\n<\/div>\n<figure>\n<p class=\"mod-reset\"><img loading=\"lazy\" decoding=\"async\" src=\"https:\/\/www.istmo-energy.com\/wp-content\/uploads\/2021\/04\/solar-panel.svg\" alt=\"\" width=\"512\" height=\"512\"><\/p>\n<\/figure>\n<div class=\"boldgrid-section\">\n<div class=\"container\">\n<div class=\"row\">\n<div class=\"col-md-12 col-xs-12 col-sm-12\">\n<h3>Instalaciones Solares de Autogeneraci\u00f3n<\/h3>\n<p>Sed ut perspiciatis unde omnis iste natus error sit voluptatem accusantium doloremque laudantium, totam rem aperiam.<\/p>\n<ul>\n<li><a href=\"#\"> Ver m\u00e1s<br \/>\n<\/a><\/li>\n<\/ul>\n<\/div>\n<\/div>\n<\/div>\n<\/div>\n<figure>\n<p class=\"mod-reset\"><img loading=\"lazy\" decoding=\"async\" src=\"https:\/\/www.istmo-energy.com\/wp-content\/uploads\/2021\/04\/rechargeable.png\" sizes=\"auto, (max-width: 512px) 100vw, 512px\" srcset=\"https:\/\/www.istmo-energy.com\/wp-content\/uploads\/2021\/04\/rechargeable.png 512w, https:\/\/www.istmo-energy.com\/wp-content\/uploads\/2021\/04\/rechargeable-300x300.png 300w, https:\/\/www.istmo-energy.com\/wp-content\/uploads\/2021\/04\/rechargeable-150x150.png 150w, https:\/\/www.istmo-energy.com\/wp-content\/uploads\/2021\/04\/rechargeable-500x500.png 500w, https:\/\/www.istmo-energy.com\/wp-content\/uploads\/2021\/04\/rechargeable-48x48.png 48w, https:\/\/www.istmo-energy.com\/wp-content\/uploads\/2021\/04\/rechargeable-250x250.png 250w, https:\/\/www.istmo-energy.com\/wp-content\/uploads\/2021\/04\/rechargeable-180x180.png 180w\" alt=\"\" width=\"512\" height=\"512\"><\/p>\n<\/figure>\n<div class=\"boldgrid-section\">\n<div class=\"container\">\n<div class=\"row\">\n<div class=\"col-md-12 col-xs-12 col-sm-12\">\n<h3>Energy Efficency Assessment<\/h3>\n<p>Lorem ipsum dolor sit amet, consetetur sadipscing elitr, sed diam nonumy eirmod tempor invidunt ut labore et dolore magna.<\/p>\n<ul>\n<li><a href=\"#\"> Ver m\u00e1s<br \/>\n<\/a><\/li>\n<\/ul>\n<\/div>\n<\/div>\n<\/div>\n<\/div>\n<figure>\n<p class=\"mod-reset\"><img loading=\"lazy\" decoding=\"async\" src=\"https:\/\/www.istmo-energy.com\/wp-content\/uploads\/2021\/04\/accounting.svg\" alt=\"\" width=\"512\" height=\"512\"><\/p>\n<\/figure>\n<div class=\"boldgrid-section\">\n<div class=\"container\">\n<div class=\"row\">\n<div class=\"col-md-12 col-xs-12 col-sm-12\">\n<h3>Instalaci\u00f3n de Medici\u00f3n SMEC<\/h3>\n<p>Sed ut perspiciatis unde omnis iste natus error sit voluptatem accusantium doloremque laudantium, totam rem aperiam.<\/p>\n<ul>\n<li><a href=\"#\"> Ver m\u00e1s<br \/>\n<\/a><\/li>\n<\/ul>\n<\/div>\n<\/div>\n<\/div>\n<\/div>\n<figure>\n<p class=\"mod-reset\"><img loading=\"lazy\" decoding=\"async\" src=\"https:\/\/www.istmo-energy.com\/wp-content\/uploads\/2021\/04\/manometer.svg\" alt=\"\" width=\"496\" height=\"496\"><\/p>\n<\/figure>\n<div class=\"boldgrid-section\">\n<div class=\"container\">\n<div class=\"row\">\n<div class=\"col-md-12 col-xs-12 col-sm-12\">\n<h3>Monitoreo Scada<\/h3>\n<p>Sed ut perspiciatis unde omnis iste natus error sit voluptatem accusantium doloremque laudantium, totam rem aperiam.<\/p>\n<ul>\n<li><a href=\"#\"> Ver m\u00e1s<br \/>\n<\/a><\/li>\n<\/ul>\n<\/div>\n<\/div>\n<\/div>\n<\/div>\n<figure>\n<p class=\"mod-reset\"><img loading=\"lazy\" decoding=\"async\" src=\"https:\/\/www.istmo-energy.com\/wp-content\/uploads\/2021\/04\/electricity.svg\" alt=\"\" width=\"512\" height=\"512\"><\/p>\n<\/figure>\n<div class=\"boldgrid-section\">\n<div class=\"container\">\n<div class=\"row\">\n<div class=\"col-md-12 col-xs-12 col-sm-12\">\n<h3>EPC Solar de Generaci\u00f3n<\/h3>\n<p>Lorem ipsum dolor sit amet, consetetur sadipscing elitr, sed diam nonumy eirmod tempor invidunt ut labore et dolore magna.<\/p>\n<ul>\n<li><a href=\"#\"> Ver m\u00e1s<br \/>\n<\/a><\/li>\n<\/ul>\n<\/div>\n<\/div>\n<\/div>\n<\/div>\n<figure>\n<p class=\"mod-reset\"><img loading=\"lazy\" decoding=\"async\" src=\"https:\/\/www.istmo-energy.com\/wp-content\/uploads\/2021\/04\/contract.png\" sizes=\"auto, (max-width: 512px) 100vw, 512px\" srcset=\"https:\/\/www.istmo-energy.com\/wp-content\/uploads\/2021\/04\/contract.png 512w, https:\/\/www.istmo-energy.com\/wp-content\/uploads\/2021\/04\/contract-300x300.png 300w, https:\/\/www.istmo-energy.com\/wp-content\/uploads\/2021\/04\/contract-150x150.png 150w, https:\/\/www.istmo-energy.com\/wp-content\/uploads\/2021\/04\/contract-500x500.png 500w, https:\/\/www.istmo-energy.com\/wp-content\/uploads\/2021\/04\/contract-48x48.png 48w, https:\/\/www.istmo-energy.com\/wp-content\/uploads\/2021\/04\/contract-250x250.png 250w, https:\/\/www.istmo-energy.com\/wp-content\/uploads\/2021\/04\/contract-180x180.png 180w\" alt=\"\" width=\"512\" height=\"512\"><\/p>\n<\/figure>\n<div class=\"boldgrid-section\">\n<div class=\"container\">\n<div class=\"row\">\n<div class=\"col-md-12 col-xs-12 col-sm-12\">\n<h3>PPA<\/h3>\n<p>Sed ut perspiciatis unde omnis iste natus error sit voluptatem accusantium doloremque laudantium, totam rem aperiam.<\/p>\n<ul>\n<li><a href=\"#\"> Ver m\u00e1s<br \/>\n<\/a><\/li>\n<\/ul>\n<\/div>\n<\/div>\n<\/div>\n<\/div>\n<figure>\n<p class=\"mod-reset\"><a href=\"#\"><img loading=\"lazy\" decoding=\"async\" src=\"https:\/\/www.istmo-energy.com\/wp-content\/uploads\/2021\/04\/customer-support.svg\" alt=\"\" width=\"569\" height=\"569\"><\/a><\/p>\n<\/figure>\n<div class=\"boldgrid-section\">\n<div class=\"container\">\n<div class=\"row\">\n<div class=\"col-md-12 col-xs-12 col-sm-12\">\n<h3><a href=\"#\">Maintenance<\/a><\/h3>\n<p>Lorem ipsum dolor sit amet, consetetur sadipscing elitr, sed diam nonumy eirmod tempor invidunt ut labore et dolore magna.<\/p>\n<ul>\n<li><a href=\"#\"> Ver m\u00e1s<br \/>\n<\/a><\/li>\n<\/ul>\n<h2>Nuestras Oficinas<\/h2>\n<p>Lorem ipsum dolor sit amet, consectetur adipiscing elit. Ut elit tellus, luctus nec ullamcorper mattis, pulvinar dapibus leo.<\/p>\n<p><a href=\"https:\/\/www.istmo-energy.com\/en\/contacto\/\" target=\"_self\" rel=\"noopener\"><br \/>\n<img decoding=\"async\" src=\"https:\/\/www.istmo-energy.com\/wp-content\/uploads\/2021\/04\/pa.svg\" alt=\"pa\"> <\/a><\/p>\n<h5>Panama<\/h5>\n<p>Panam\u00e1, Panam\u00e1<\/p>\n<p><a href=\"https:\/\/www.istmo-energy.com\/en\/contacto\/\" target=\"_self\" rel=\"noopener\"><br \/>\n<img decoding=\"async\" src=\"https:\/\/www.istmo-energy.com\/wp-content\/uploads\/2021\/04\/es.svg\" alt=\"es\"> <\/a><\/p>\n<h5>Spain<\/h5>\n<p>Espa\u00f1a, Valladolid<\/p>\n<p><a href=\"https:\/\/www.istmo-energy.com\/en\/contacto\/\" target=\"_self\" rel=\"noopener\"><br \/>\n<img decoding=\"async\" src=\"https:\/\/www.istmo-energy.com\/wp-content\/uploads\/2021\/04\/mx.svg\" alt=\"mx\"> <\/a><\/p>\n<h5>M\u00e9xico<\/h5>\n<p>M\u00e9xico, Guadalajara<\/p>\n<p><a href=\"https:\/\/www.istmo-energy.com\/en\/contacto\/\" target=\"_self\" rel=\"noopener\"><br \/>\n<img decoding=\"async\" src=\"https:\/\/www.istmo-energy.com\/wp-content\/uploads\/2021\/04\/co.svg\" alt=\"co\"> <\/a><\/p>\n<h5>Colombia<\/h5>\n<p>Colombia, Bogot\u00e1<\/p>\n<p><a href=\"https:\/\/www.istmo-energy.com\/en\/contacto\/\" target=\"_self\" rel=\"noopener\"><br \/>\n<img decoding=\"async\" src=\"https:\/\/www.istmo-energy.com\/wp-content\/uploads\/2021\/04\/hn.svg\" alt=\"hn\"> <\/a><\/p>\n<h5>Honduraz<\/h5>\n<p>Honduraz, Tegucigalpa<\/p>\n<div class=\"map_wrapper\" id=\"map_wrapper_862\">\n\t\t\t\t<div class=\"map_box\" style=\"max-width:8000px\">\n\t\t\t\t\t\n\t\t\t\t\t<div class=\"map_aspect_ratio\" style=\"padding-top:50%\">\n\t\t\t\t\t\t<div class=\"map_container\">\n\t\t\t\t\t\t\t<div class=\"map_render map_loading\" id=\"map_862\"><\/div>\n\t\t\t\t\t\t<\/div>\n\t\t\t\t\t<\/div>\n\t\t\t\t<\/div>\n\t\t\t<\/div>\n<p><img loading=\"lazy\" decoding=\"async\" src=\"https:\/\/www.istmo-energy.com\/wp-content\/uploads\/2021\/04\/Istmo_Energy_Icon_Logo-White3.png\" alt=\"\" width=\"176\" height=\"169\"><\/p>\n<p>Comprometidos con el medio ambiente<\/p>\n<h2>Projects<\/h2>\n<p><a href=\"https:\/\/www.istmo-energy.com\/en\/portfolio\/clean-fast-energy\/\"><img loading=\"lazy\" decoding=\"async\" src=\"https:\/\/www.istmo-energy.com\/wp-content\/uploads\/2019\/07\/Azucarera-Nacional-IE-1024x664.jpg\" sizes=\"auto, (max-width: 1024px) 100vw, 1024px\" srcset=\"https:\/\/www.istmo-energy.com\/wp-content\/uploads\/2019\/07\/Azucarera-Nacional-IE-1024x664.jpg 1024w, https:\/\/www.istmo-energy.com\/wp-content\/uploads\/2019\/07\/Azucarera-Nacional-IE-300x194.jpg 300w, https:\/\/www.istmo-energy.com\/wp-content\/uploads\/2019\/07\/Azucarera-Nacional-IE-768x498.jpg 768w, https:\/\/www.istmo-energy.com\/wp-content\/uploads\/2019\/07\/Azucarera-Nacional-IE-250x162.jpg 250w, https:\/\/www.istmo-energy.com\/wp-content\/uploads\/2019\/07\/Azucarera-Nacional-IE-550x357.jpg 550w, https:\/\/www.istmo-energy.com\/wp-content\/uploads\/2019\/07\/Azucarera-Nacional-IE-800x519.jpg 800w, https:\/\/www.istmo-energy.com\/wp-content\/uploads\/2019\/07\/Azucarera-Nacional-IE-278x180.jpg 278w, https:\/\/www.istmo-energy.com\/wp-content\/uploads\/2019\/07\/Azucarera-Nacional-IE-463x300.jpg 463w, https:\/\/www.istmo-energy.com\/wp-content\/uploads\/2019\/07\/Azucarera-Nacional-IE-771x500.jpg 771w, https:\/\/www.istmo-energy.com\/wp-content\/uploads\/2019\/07\/Azucarera-Nacional-IE.jpg 1140w\" alt=\"\" width=\"1024\" height=\"664\"> <\/a><\/p>\n<h3><a href=\"https:\/\/www.istmo-energy.com\/en\/portfolio\/clean-fast-energy\/\">Azucarena Nacional<\/a><\/h3>\n<p>Sed ut perspiciatis unde omnis iste natus error sit voluptatem accusantium doloremque laudantium, totam rem aperiam, eaque ipsa quae ab illo inventore veritatis et quasi architecto beatae vitae dicta sunt explicabo.<br \/>\n<a href=\"https:\/\/www.istmo-energy.com\/en\/portfolio\/unlimited-energy-for-future\/\"><img loading=\"lazy\" decoding=\"async\" src=\"https:\/\/www.istmo-energy.com\/wp-content\/uploads\/2019\/07\/IE-Sabis-Inter-School-1024x664.jpg\" sizes=\"auto, (max-width: 1024px) 100vw, 1024px\" srcset=\"https:\/\/www.istmo-energy.com\/wp-content\/uploads\/2019\/07\/IE-Sabis-Inter-School-1024x664.jpg 1024w, https:\/\/www.istmo-energy.com\/wp-content\/uploads\/2019\/07\/IE-Sabis-Inter-School-300x194.jpg 300w, https:\/\/www.istmo-energy.com\/wp-content\/uploads\/2019\/07\/IE-Sabis-Inter-School-768x498.jpg 768w, https:\/\/www.istmo-energy.com\/wp-content\/uploads\/2019\/07\/IE-Sabis-Inter-School-250x162.jpg 250w, https:\/\/www.istmo-energy.com\/wp-content\/uploads\/2019\/07\/IE-Sabis-Inter-School-550x357.jpg 550w, https:\/\/www.istmo-energy.com\/wp-content\/uploads\/2019\/07\/IE-Sabis-Inter-School-800x519.jpg 800w, https:\/\/www.istmo-energy.com\/wp-content\/uploads\/2019\/07\/IE-Sabis-Inter-School-278x180.jpg 278w, https:\/\/www.istmo-energy.com\/wp-content\/uploads\/2019\/07\/IE-Sabis-Inter-School-463x300.jpg 463w, https:\/\/www.istmo-energy.com\/wp-content\/uploads\/2019\/07\/IE-Sabis-Inter-School-771x500.jpg 771w, https:\/\/www.istmo-energy.com\/wp-content\/uploads\/2019\/07\/IE-Sabis-Inter-School.jpg 1140w\" alt=\"\" width=\"1024\" height=\"664\"> <\/a><\/p>\n<h3><a href=\"https:\/\/www.istmo-energy.com\/en\/portfolio\/unlimited-energy-for-future\/\">Sabis International School<\/a><\/h3>\n<p>Sed ut perspiciatis unde omnis iste natus error sit voluptatem accusantium doloremque laudantium, totam rem aperiam, eaque ipsa quae ab illo inventore veritatis et quasi architecto beatae vitae dicta sunt explicabo.<br \/>\n<a href=\"https:\/\/www.istmo-energy.com\/en\/portfolio\/solar-panel-technologies\/\"><img loading=\"lazy\" decoding=\"async\" src=\"https:\/\/www.istmo-energy.com\/wp-content\/uploads\/2019\/07\/mendoza-solar-1024x664.jpg\" sizes=\"auto, (max-width: 1024px) 100vw, 1024px\" srcset=\"https:\/\/www.istmo-energy.com\/wp-content\/uploads\/2019\/07\/mendoza-solar-1024x664.jpg 1024w, https:\/\/www.istmo-energy.com\/wp-content\/uploads\/2019\/07\/mendoza-solar-300x194.jpg 300w, https:\/\/www.istmo-energy.com\/wp-content\/uploads\/2019\/07\/mendoza-solar-768x498.jpg 768w, https:\/\/www.istmo-energy.com\/wp-content\/uploads\/2019\/07\/mendoza-solar-250x162.jpg 250w, https:\/\/www.istmo-energy.com\/wp-content\/uploads\/2019\/07\/mendoza-solar-550x357.jpg 550w, https:\/\/www.istmo-energy.com\/wp-content\/uploads\/2019\/07\/mendoza-solar-800x519.jpg 800w, https:\/\/www.istmo-energy.com\/wp-content\/uploads\/2019\/07\/mendoza-solar-278x180.jpg 278w, https:\/\/www.istmo-energy.com\/wp-content\/uploads\/2019\/07\/mendoza-solar-463x300.jpg 463w, https:\/\/www.istmo-energy.com\/wp-content\/uploads\/2019\/07\/mendoza-solar-771x500.jpg 771w, https:\/\/www.istmo-energy.com\/wp-content\/uploads\/2019\/07\/mendoza-solar.jpg 1140w\" alt=\"\" width=\"1024\" height=\"664\"> <\/a><\/p>\n<h3><a href=\"https:\/\/www.istmo-energy.com\/en\/portfolio\/solar-panel-technologies\/\">Mendoza Solar<\/a><\/h3>\n<p>Sed ut perspiciatis unde omnis iste natus error sit voluptatem accusantium doloremque laudantium, totam rem aperiam, eaque ipsa quae ab illo inventore veritatis et quasi architecto beatae vitae dicta sunt explicabo.<br \/>\n<img loading=\"lazy\" decoding=\"async\" src=\"https:\/\/www.istmo-energy.com\/wp-content\/uploads\/2019\/07\/testimonial-img.jpg\" sizes=\"auto, (max-width: 558px) 100vw, 558px\" srcset=\"https:\/\/www.istmo-energy.com\/wp-content\/uploads\/2019\/07\/testimonial-img.jpg 558w, https:\/\/www.istmo-energy.com\/wp-content\/uploads\/2019\/07\/testimonial-img-270x300.jpg 270w, https:\/\/www.istmo-energy.com\/wp-content\/uploads\/2019\/07\/testimonial-img-250x278.jpg 250w, https:\/\/www.istmo-energy.com\/wp-content\/uploads\/2019\/07\/testimonial-img-550x611.jpg 550w, https:\/\/www.istmo-energy.com\/wp-content\/uploads\/2019\/07\/testimonial-img-162x180.jpg 162w, https:\/\/www.istmo-energy.com\/wp-content\/uploads\/2019\/07\/testimonial-img-450x500.jpg 450w\" alt=\"\" width=\"558\" height=\"620\"><\/p>\n<h4>TESTIMONIOS<\/h4>\n<h2>Clientes de Istmo Energy<\/h2>\n<p>\u201c Sed ut perspiciatis unde omnis iste natus error sit voluptatem accusantium doloremque laudantium, totam rem aperiam, eaque ipsa quae ab illo inventore veritatis et quasi architecto beatae vitae dicta sunt explicabo. Nemo enim ipsam voluptatem quia. \u201cJUAN MORACLIENTE<br \/>\n\u201c Sed ut perspiciatis unde omnis iste natus error sit voluptatem accusantium doloremque laudantium, totam rem aperiam, eaque ipsa quae ab illo inventore veritatis et quasi architecto beatae vitae dicta sunt explicabo. Nemo enim ipsam voluptatem quia. \u201cRuben R\u00edosGerente<br \/>\n\u201c Sed ut perspiciatis unde omnis iste natus error sit voluptatem accusantium doloremque laudantium, totam rem aperiam, eaque ipsa quae ab illo inventore veritatis et quasi architecto beatae vitae dicta sunt explicabo. Nemo enim ipsam voluptatem quia. \u201cGerm\u00e1n LooGerente de Ventas<br \/>\n<a href=\"#\"><img decoding=\"async\" src=\"https:\/\/www.istmo-energy.com\/wp-content\/uploads\/2021\/04\/Bunny-Electric.jpg\" alt=\"Bunny-Electric\"><\/a><a href=\"#\"><img decoding=\"async\" src=\"https:\/\/www.istmo-energy.com\/wp-content\/uploads\/2021\/04\/Daconan.jpg\" alt=\"Daconan\"><\/a><a href=\"#\"><img decoding=\"async\" src=\"https:\/\/www.istmo-energy.com\/wp-content\/uploads\/2021\/04\/argentum-solar-b.jpg\" alt=\"argentum-solar-b\"><\/a><a href=\"#\"><img decoding=\"async\" src=\"https:\/\/www.istmo-energy.com\/wp-content\/uploads\/2021\/04\/Electrica-del-Oeste.jpg\" alt=\"Electrica-del-Oeste\"><\/a><a href=\"#\"><img decoding=\"async\" src=\"https:\/\/www.istmo-energy.com\/wp-content\/uploads\/2021\/04\/generacion-solar-b.jpg\" alt=\"generacion-solar-b\"><\/a><\/p>\n<\/div>\n<\/div>\n<\/div>\n<\/div>","protected":false},"excerpt":{"rendered":"<p>Istmo Energy L\u00edderes en proyectos de energ\u00eda el\u00e9ctrica Conoce Istmo Energy Nuestros proyectos Servicios Lorem ipsum dolor sit amet, consectetur adipiscing elit. &nbsp;Ut elit tellus, luctus nec ullamcorper mattis, pulvinar dapibus leo. Gesti\u00f3n de Proyectos Lorem ipsum dolor sit amet, consetetur sadipscing elitr, sed diam nonumy eirmod tempor invidunt ut labore et dolore magna. Ver [&hellip;]<\/p>","protected":false},"author":1,"featured_media":0,"parent":0,"menu_order":0,"comment_status":"closed","ping_status":"closed","template":"","meta":{"bgseo_title":"","bgseo_description":"","bgseo_robots_index":"index","bgseo_robots_follow":"follow","footnotes":""},"class_list":["post-1084","page","type-page","status-publish","hentry"],"acf":[],"_links":{"self":[{"href":"https:\/\/www.istmo-energy.com\/en\/wp-json\/wp\/v2\/pages\/1084","targetHints":{"allow":["GET"]}}],"collection":[{"href":"https:\/\/www.istmo-energy.com\/en\/wp-json\/wp\/v2\/pages"}],"about":[{"href":"https:\/\/www.istmo-energy.com\/en\/wp-json\/wp\/v2\/types\/page"}],"author":[{"embeddable":true,"href":"https:\/\/www.istmo-energy.com\/en\/wp-json\/wp\/v2\/users\/1"}],"replies":[{"embeddable":true,"href":"https:\/\/www.istmo-energy.com\/en\/wp-json\/wp\/v2\/comments?post=1084"}],"version-history":[{"count":2,"href":"https:\/\/www.istmo-energy.com\/en\/wp-json\/wp\/v2\/pages\/1084\/revisions"}],"predecessor-version":[{"id":1097,"href":"https:\/\/www.istmo-energy.com\/en\/wp-json\/wp\/v2\/pages\/1084\/revisions\/1097"}],"wp:attachment":[{"href":"https:\/\/www.istmo-energy.com\/en\/wp-json\/wp\/v2\/media?parent=1084"}],"curies":[{"name":"wp","href":"https:\/\/api.w.org\/{rel}","templated":true}]}}