{"id":1371,"date":"2021-05-14T03:08:13","date_gmt":"2021-05-14T08:08:13","guid":{"rendered":"https:\/\/www.istmo-energy.com\/?page_id=1371"},"modified":"2023-04-25T10:05:25","modified_gmt":"2023-04-25T15:05:25","slug":"servicios-centro-de-control","status":"publish","type":"page","link":"https:\/\/www.istmo-energy.com\/en\/servicios-centro-de-control\/","title":{"rendered":"Servicios &#8211; Centro de Control"},"content":{"rendered":"<div data-elementor-type=\"wp-post\" data-elementor-id=\"1371\" class=\"elementor elementor-1371\">\n\t\t\t\t\t\t\t\t\t<section class=\"elementor-section elementor-top-section elementor-element elementor-element-0fb9964 elementor-section-stretched elementor-section-boxed elementor-section-height-default elementor-section-height-default\" data-id=\"0fb9964\" data-element_type=\"section\" data-settings=\"{&quot;stretch_section&quot;:&quot;section-stretched&quot;,&quot;jet_parallax_layout_list&quot;:[{&quot;jet_parallax_layout_image&quot;:{&quot;url&quot;:&quot;&quot;,&quot;id&quot;:&quot;&quot;,&quot;size&quot;:&quot;&quot;},&quot;_id&quot;:&quot;4d9aae0&quot;,&quot;jet_parallax_layout_image_tablet&quot;:{&quot;url&quot;:&quot;&quot;,&quot;id&quot;:&quot;&quot;,&quot;size&quot;:&quot;&quot;},&quot;jet_parallax_layout_image_mobile&quot;:{&quot;url&quot;:&quot;&quot;,&quot;id&quot;:&quot;&quot;,&quot;size&quot;:&quot;&quot;},&quot;jet_parallax_layout_speed&quot;:{&quot;unit&quot;:&quot;%&quot;,&quot;size&quot;:50,&quot;sizes&quot;:[]},&quot;jet_parallax_layout_type&quot;:&quot;scroll&quot;,&quot;jet_parallax_layout_direction&quot;:null,&quot;jet_parallax_layout_fx_direction&quot;:null,&quot;jet_parallax_layout_z_index&quot;:&quot;&quot;,&quot;jet_parallax_layout_bg_x&quot;:50,&quot;jet_parallax_layout_bg_x_tablet&quot;:&quot;&quot;,&quot;jet_parallax_layout_bg_x_mobile&quot;:&quot;&quot;,&quot;jet_parallax_layout_bg_y&quot;:50,&quot;jet_parallax_layout_bg_y_tablet&quot;:&quot;&quot;,&quot;jet_parallax_layout_bg_y_mobile&quot;:&quot;&quot;,&quot;jet_parallax_layout_bg_size&quot;:&quot;auto&quot;,&quot;jet_parallax_layout_bg_size_tablet&quot;:&quot;&quot;,&quot;jet_parallax_layout_bg_size_mobile&quot;:&quot;&quot;,&quot;jet_parallax_layout_animation_prop&quot;:&quot;transform&quot;,&quot;jet_parallax_layout_on&quot;:[&quot;desktop&quot;,&quot;tablet&quot;]}],&quot;background_background&quot;:&quot;classic&quot;,&quot;shape_divider_bottom&quot;:&quot;mountains&quot;}\">\n\t\t\t\t\t\t\t<div class=\"elementor-background-overlay\"><\/div>\n\t\t\t\t\t\t<div class=\"elementor-shape elementor-shape-bottom\" data-negative=\"false\">\n\t\t\t<svg xmlns=\"http:\/\/www.w3.org\/2000\/svg\" viewbox=\"0 0 1000 100\" preserveaspectratio=\"none\">\n\t<path class=\"elementor-shape-fill\" opacity=\"0.33\" d=\"M473,67.3c-203.9,88.3-263.1-34-320.3,0C66,119.1,0,59.7,0,59.7V0h1000v59.7 c0,0-62.1,26.1-94.9,29.3c-32.8,3.3-62.8-12.3-75.8-22.1C806,49.6,745.3,8.7,694.9,4.7S492.4,59,473,67.3z\"\/>\n\t<path class=\"elementor-shape-fill\" opacity=\"0.66\" d=\"M734,67.3c-45.5,0-77.2-23.2-129.1-39.1c-28.6-8.7-150.3-10.1-254,39.1 s-91.7-34.4-149.2,0C115.7,118.3,0,39.8,0,39.8V0h1000v36.5c0,0-28.2-18.5-92.1-18.5C810.2,18.1,775.7,67.3,734,67.3z\"\/>\n\t<path class=\"elementor-shape-fill\" d=\"M766.1,28.9c-200-57.5-266,65.5-395.1,19.5C242,1.8,242,5.4,184.8,20.6C128,35.8,132.3,44.9,89.9,52.5C28.6,63.7,0,0,0,0 h1000c0,0-9.9,40.9-83.6,48.1S829.6,47,766.1,28.9z\"\/>\n<\/svg>\t\t<\/div>\n\t\t\t\t\t<div class=\"elementor-container elementor-column-gap-default\">\n\t\t\t\t\t<div class=\"elementor-column elementor-col-100 elementor-top-column elementor-element elementor-element-e254a20\" data-id=\"e254a20\" data-element_type=\"column\">\n\t\t\t<div class=\"elementor-widget-wrap elementor-element-populated\">\n\t\t\t\t\t\t\t\t<section class=\"elementor-section elementor-inner-section elementor-element elementor-element-99a09a6 elementor-section-boxed elementor-section-height-default elementor-section-height-default\" data-id=\"99a09a6\" data-element_type=\"section\" data-settings=\"{&quot;jet_parallax_layout_list&quot;:[{&quot;jet_parallax_layout_image&quot;:{&quot;url&quot;:&quot;&quot;,&quot;id&quot;:&quot;&quot;,&quot;size&quot;:&quot;&quot;},&quot;_id&quot;:&quot;425a896&quot;,&quot;jet_parallax_layout_image_tablet&quot;:{&quot;url&quot;:&quot;&quot;,&quot;id&quot;:&quot;&quot;,&quot;size&quot;:&quot;&quot;},&quot;jet_parallax_layout_image_mobile&quot;:{&quot;url&quot;:&quot;&quot;,&quot;id&quot;:&quot;&quot;,&quot;size&quot;:&quot;&quot;},&quot;jet_parallax_layout_speed&quot;:{&quot;unit&quot;:&quot;%&quot;,&quot;size&quot;:50,&quot;sizes&quot;:[]},&quot;jet_parallax_layout_type&quot;:&quot;scroll&quot;,&quot;jet_parallax_layout_direction&quot;:null,&quot;jet_parallax_layout_fx_direction&quot;:null,&quot;jet_parallax_layout_z_index&quot;:&quot;&quot;,&quot;jet_parallax_layout_bg_x&quot;:50,&quot;jet_parallax_layout_bg_x_tablet&quot;:&quot;&quot;,&quot;jet_parallax_layout_bg_x_mobile&quot;:&quot;&quot;,&quot;jet_parallax_layout_bg_y&quot;:50,&quot;jet_parallax_layout_bg_y_tablet&quot;:&quot;&quot;,&quot;jet_parallax_layout_bg_y_mobile&quot;:&quot;&quot;,&quot;jet_parallax_layout_bg_size&quot;:&quot;auto&quot;,&quot;jet_parallax_layout_bg_size_tablet&quot;:&quot;&quot;,&quot;jet_parallax_layout_bg_size_mobile&quot;:&quot;&quot;,&quot;jet_parallax_layout_animation_prop&quot;:&quot;transform&quot;,&quot;jet_parallax_layout_on&quot;:[&quot;desktop&quot;,&quot;tablet&quot;]}]}\">\n\t\t\t\t\t\t<div class=\"elementor-container elementor-column-gap-default\">\n\t\t\t\t\t<div class=\"elementor-column elementor-col-100 elementor-inner-column elementor-element elementor-element-f3b0dba\" data-id=\"f3b0dba\" data-element_type=\"column\">\n\t\t\t<div class=\"elementor-widget-wrap elementor-element-populated\">\n\t\t\t\t\t\t\t\t<div class=\"elementor-element elementor-element-02e5969 elementor-widget elementor-widget-heading\" data-id=\"02e5969\" data-element_type=\"widget\" data-widget_type=\"heading.default\">\n\t\t\t\t<div class=\"elementor-widget-container\">\n\t\t\t<h2 class=\"elementor-heading-title elementor-size-default\">Control Center<\/h2>\t\t<\/div>\n\t\t\t\t<\/div>\n\t\t\t\t\t<\/div>\n\t\t<\/div>\n\t\t\t\t\t\t\t<\/div>\n\t\t<\/section>\n\t\t\t\t<div class=\"elementor-element elementor-element-40676ea elementor-align-center elementor-widget elementor-widget-jet-lottie\" data-id=\"40676ea\" data-element_type=\"widget\" data-widget_type=\"jet-lottie.default\">\n\t\t\t\t<div class=\"elementor-widget-container\">\n\t\t\t<div class=\"elementor-jet-lottie jet-elements\"><div class=\"jet-lottie\" data-settings=\"{&quot;path&quot;:&quot;https:\\\/\\\/www.istmo-energy.com\\\/wp-content\\\/uploads\\\/2021\\\/06\\\/IE-down-lottie.json&quot;,&quot;renderer&quot;:&quot;svg&quot;,&quot;action_start&quot;:&quot;autoplay&quot;,&quot;delay&quot;:&quot;&quot;,&quot;on_hover_out&quot;:null,&quot;redirect_timeout&quot;:null,&quot;viewport&quot;:&quot;&quot;,&quot;loop&quot;:true,&quot;loop_times&quot;:&quot;&quot;,&quot;reversed&quot;:false,&quot;play_speed&quot;:1}\"><div class=\"jet-lottie__elem\"><\/div><\/div><\/div>\t\t<\/div>\n\t\t\t\t<\/div>\n\t\t\t\t\t<\/div>\n\t\t<\/div>\n\t\t\t\t\t\t\t<\/div>\n\t\t<\/section>\n\t\t\t\t<section class=\"elementor-section elementor-top-section elementor-element elementor-element-a13d106 elementor-section-boxed elementor-section-height-default elementor-section-height-default\" data-id=\"a13d106\" data-element_type=\"section\" data-settings=\"{&quot;jet_parallax_layout_list&quot;:[{&quot;jet_parallax_layout_image&quot;:{&quot;url&quot;:&quot;&quot;,&quot;id&quot;:&quot;&quot;,&quot;size&quot;:&quot;&quot;},&quot;_id&quot;:&quot;9dd0538&quot;,&quot;jet_parallax_layout_image_tablet&quot;:{&quot;url&quot;:&quot;&quot;,&quot;id&quot;:&quot;&quot;,&quot;size&quot;:&quot;&quot;},&quot;jet_parallax_layout_image_mobile&quot;:{&quot;url&quot;:&quot;&quot;,&quot;id&quot;:&quot;&quot;,&quot;size&quot;:&quot;&quot;},&quot;jet_parallax_layout_speed&quot;:{&quot;unit&quot;:&quot;%&quot;,&quot;size&quot;:50,&quot;sizes&quot;:[]},&quot;jet_parallax_layout_type&quot;:&quot;scroll&quot;,&quot;jet_parallax_layout_direction&quot;:null,&quot;jet_parallax_layout_fx_direction&quot;:null,&quot;jet_parallax_layout_z_index&quot;:&quot;&quot;,&quot;jet_parallax_layout_bg_x&quot;:50,&quot;jet_parallax_layout_bg_x_tablet&quot;:&quot;&quot;,&quot;jet_parallax_layout_bg_x_mobile&quot;:&quot;&quot;,&quot;jet_parallax_layout_bg_y&quot;:50,&quot;jet_parallax_layout_bg_y_tablet&quot;:&quot;&quot;,&quot;jet_parallax_layout_bg_y_mobile&quot;:&quot;&quot;,&quot;jet_parallax_layout_bg_size&quot;:&quot;auto&quot;,&quot;jet_parallax_layout_bg_size_tablet&quot;:&quot;&quot;,&quot;jet_parallax_layout_bg_size_mobile&quot;:&quot;&quot;,&quot;jet_parallax_layout_animation_prop&quot;:&quot;transform&quot;,&quot;jet_parallax_layout_on&quot;:[&quot;desktop&quot;,&quot;tablet&quot;]}],&quot;background_background&quot;:&quot;classic&quot;}\">\n\t\t\t\t\t\t<div class=\"elementor-container elementor-column-gap-default\">\n\t\t\t\t\t<div class=\"elementor-column elementor-col-50 elementor-top-column elementor-element elementor-element-95d885b\" data-id=\"95d885b\" data-element_type=\"column\">\n\t\t\t<div class=\"elementor-widget-wrap elementor-element-populated\">\n\t\t\t\t\t\t\t\t<div class=\"elementor-element elementor-element-4149b74 elementor-widget elementor-widget-image\" data-id=\"4149b74\" data-element_type=\"widget\" data-widget_type=\"image.default\">\n\t\t\t\t<div class=\"elementor-widget-container\">\n\t\t\t\t\t\t\t\t\t\t\t\t\t\t\t<img decoding=\"async\" src=\"https:\/\/www.istmo-energy.com\/wp-content\/uploads\/elementor\/thumbs\/cropped-Istmo_Energy_Icon_Logo-p6lgq8jraxyslttkxs3jb6b6n7vbfn3gl5fqt0168g.png\" title=\"cropped-Istmo_Energy_Icon_Logo.png\" alt=\"cropped-Istmo_Energy_Icon_Logo.png\" loading=\"lazy\" \/>\t\t\t\t\t\t\t\t\t\t\t\t\t\t\t<\/div>\n\t\t\t\t<\/div>\n\t\t\t\t\t<\/div>\n\t\t<\/div>\n\t\t\t\t<div class=\"elementor-column elementor-col-50 elementor-top-column elementor-element elementor-element-6bda94e\" data-id=\"6bda94e\" data-element_type=\"column\">\n\t\t\t<div class=\"elementor-widget-wrap elementor-element-populated\">\n\t\t\t\t\t\t\t\t<div class=\"elementor-element elementor-element-620a910 elementor-invisible elementor-widget elementor-widget-text-editor\" data-id=\"620a910\" data-element_type=\"widget\" data-settings=\"{&quot;_animation&quot;:&quot;fadeInUp&quot;}\" data-widget_type=\"text-editor.default\">\n\t\t\t\t<div class=\"elementor-widget-container\">\n\t\t\t\t\t\t\t<p style=\"text-align: left;\"><span style=\"font-weight: 400;\">Through our monitoring service <\/span><b>SCADA<\/b><span style=\"font-weight: 400;\"> Your company will have the necessary tool to supervise any project remotely and in real time.<\/span><\/p><p><span style=\"font-weight: 400;\">\u00a0We offer the industrial control and automation center service with the SCADA system for all types of industry.<\/span><\/p>\t\t\t\t\t\t<\/div>\n\t\t\t\t<\/div>\n\t\t\t\t\t<\/div>\n\t\t<\/div>\n\t\t\t\t\t\t\t<\/div>\n\t\t<\/section>\n\t\t\t\t<section class=\"elementor-section elementor-top-section elementor-element elementor-element-29f527e elementor-section-boxed elementor-section-height-default elementor-section-height-default\" data-id=\"29f527e\" data-element_type=\"section\" data-settings=\"{&quot;jet_parallax_layout_list&quot;:[{&quot;jet_parallax_layout_image&quot;:{&quot;url&quot;:&quot;&quot;,&quot;id&quot;:&quot;&quot;,&quot;size&quot;:&quot;&quot;},&quot;_id&quot;:&quot;4a7052a&quot;,&quot;jet_parallax_layout_image_tablet&quot;:{&quot;url&quot;:&quot;&quot;,&quot;id&quot;:&quot;&quot;,&quot;size&quot;:&quot;&quot;},&quot;jet_parallax_layout_image_mobile&quot;:{&quot;url&quot;:&quot;&quot;,&quot;id&quot;:&quot;&quot;,&quot;size&quot;:&quot;&quot;},&quot;jet_parallax_layout_speed&quot;:{&quot;unit&quot;:&quot;%&quot;,&quot;size&quot;:50,&quot;sizes&quot;:[]},&quot;jet_parallax_layout_type&quot;:&quot;scroll&quot;,&quot;jet_parallax_layout_direction&quot;:null,&quot;jet_parallax_layout_fx_direction&quot;:null,&quot;jet_parallax_layout_z_index&quot;:&quot;&quot;,&quot;jet_parallax_layout_bg_x&quot;:50,&quot;jet_parallax_layout_bg_x_tablet&quot;:&quot;&quot;,&quot;jet_parallax_layout_bg_x_mobile&quot;:&quot;&quot;,&quot;jet_parallax_layout_bg_y&quot;:50,&quot;jet_parallax_layout_bg_y_tablet&quot;:&quot;&quot;,&quot;jet_parallax_layout_bg_y_mobile&quot;:&quot;&quot;,&quot;jet_parallax_layout_bg_size&quot;:&quot;auto&quot;,&quot;jet_parallax_layout_bg_size_tablet&quot;:&quot;&quot;,&quot;jet_parallax_layout_bg_size_mobile&quot;:&quot;&quot;,&quot;jet_parallax_layout_animation_prop&quot;:&quot;transform&quot;,&quot;jet_parallax_layout_on&quot;:[&quot;desktop&quot;,&quot;tablet&quot;]}]}\">\n\t\t\t\t\t\t<div class=\"elementor-container elementor-column-gap-default\">\n\t\t\t\t\t<div class=\"elementor-column elementor-col-100 elementor-top-column elementor-element elementor-element-2bfaace\" data-id=\"2bfaace\" data-element_type=\"column\">\n\t\t\t<div class=\"elementor-widget-wrap elementor-element-populated\">\n\t\t\t\t\t\t\t\t<div class=\"elementor-element elementor-element-1be2ab2 elementor-widget elementor-widget-image\" data-id=\"1be2ab2\" data-element_type=\"widget\" data-widget_type=\"image.default\">\n\t\t\t\t<div class=\"elementor-widget-container\">\n\t\t\t\t\t\t\t\t\t\t\t\t\t\t\t<img loading=\"lazy\" decoding=\"async\" width=\"1920\" height=\"917\" src=\"https:\/\/www.istmo-energy.com\/wp-content\/uploads\/2021\/05\/IE-ControlIMG.jpg\" class=\"attachment-full size-full wp-image-1725\" alt=\"\" srcset=\"https:\/\/www.istmo-energy.com\/wp-content\/uploads\/2021\/05\/IE-ControlIMG.jpg 1920w, https:\/\/www.istmo-energy.com\/wp-content\/uploads\/2021\/05\/IE-ControlIMG-300x143.jpg 300w, https:\/\/www.istmo-energy.com\/wp-content\/uploads\/2021\/05\/IE-ControlIMG-1024x489.jpg 1024w, https:\/\/www.istmo-energy.com\/wp-content\/uploads\/2021\/05\/IE-ControlIMG-768x367.jpg 768w, https:\/\/www.istmo-energy.com\/wp-content\/uploads\/2021\/05\/IE-ControlIMG-1536x734.jpg 1536w, https:\/\/www.istmo-energy.com\/wp-content\/uploads\/2021\/05\/IE-ControlIMG-250x119.jpg 250w, https:\/\/www.istmo-energy.com\/wp-content\/uploads\/2021\/05\/IE-ControlIMG-550x263.jpg 550w, https:\/\/www.istmo-energy.com\/wp-content\/uploads\/2021\/05\/IE-ControlIMG-800x382.jpg 800w, https:\/\/www.istmo-energy.com\/wp-content\/uploads\/2021\/05\/IE-ControlIMG-377x180.jpg 377w, https:\/\/www.istmo-energy.com\/wp-content\/uploads\/2021\/05\/IE-ControlIMG-628x300.jpg 628w, https:\/\/www.istmo-energy.com\/wp-content\/uploads\/2021\/05\/IE-ControlIMG-1047x500.jpg 1047w\" sizes=\"auto, (max-width: 1920px) 100vw, 1920px\" \/>\t\t\t\t\t\t\t\t\t\t\t\t\t\t\t<\/div>\n\t\t\t\t<\/div>\n\t\t\t\t<div class=\"elementor-element elementor-element-ed670b0 elementor-widget elementor-widget-button\" data-id=\"ed670b0\" data-element_type=\"widget\" data-widget_type=\"button.default\">\n\t\t\t\t<div class=\"elementor-widget-container\">\n\t\t\t\t\t<div class=\"elementor-button-wrapper\">\n\t\t\t<a href=\"https:\/\/www.istmo-energy.com\/en\/contacto\/#formulario de contacto\" class=\"elementor-button-link elementor-button elementor-size-sm\" role=\"button\">\n\t\t\t\t\t\t<span class=\"elementor-button-content-wrapper\">\n\t\t\t\t\t\t<span class=\"elementor-button-text\">Haz clic aqu\u00ed<\/span>\n\t\t<\/span>\n\t\t\t\t\t<\/a>\n\t\t<\/div>\n\t\t\t\t<\/div>\n\t\t\t\t<\/div>\n\t\t\t\t\t<\/div>\n\t\t<\/div>\n\t\t\t\t\t\t\t<\/div>\n\t\t<\/section>\n\t\t\t\t<section class=\"elementor-section elementor-top-section elementor-element elementor-element-a5cad16 elementor-section-boxed elementor-section-height-default elementor-section-height-default\" data-id=\"a5cad16\" data-element_type=\"section\" data-settings=\"{&quot;jet_parallax_layout_list&quot;:[{&quot;jet_parallax_layout_image&quot;:{&quot;url&quot;:&quot;&quot;,&quot;id&quot;:&quot;&quot;,&quot;size&quot;:&quot;&quot;},&quot;_id&quot;:&quot;9dd0538&quot;,&quot;jet_parallax_layout_image_tablet&quot;:{&quot;url&quot;:&quot;&quot;,&quot;id&quot;:&quot;&quot;,&quot;size&quot;:&quot;&quot;},&quot;jet_parallax_layout_image_mobile&quot;:{&quot;url&quot;:&quot;&quot;,&quot;id&quot;:&quot;&quot;,&quot;size&quot;:&quot;&quot;},&quot;jet_parallax_layout_speed&quot;:{&quot;unit&quot;:&quot;%&quot;,&quot;size&quot;:50,&quot;sizes&quot;:[]},&quot;jet_parallax_layout_type&quot;:&quot;scroll&quot;,&quot;jet_parallax_layout_direction&quot;:null,&quot;jet_parallax_layout_fx_direction&quot;:null,&quot;jet_parallax_layout_z_index&quot;:&quot;&quot;,&quot;jet_parallax_layout_bg_x&quot;:50,&quot;jet_parallax_layout_bg_x_tablet&quot;:&quot;&quot;,&quot;jet_parallax_layout_bg_x_mobile&quot;:&quot;&quot;,&quot;jet_parallax_layout_bg_y&quot;:50,&quot;jet_parallax_layout_bg_y_tablet&quot;:&quot;&quot;,&quot;jet_parallax_layout_bg_y_mobile&quot;:&quot;&quot;,&quot;jet_parallax_layout_bg_size&quot;:&quot;auto&quot;,&quot;jet_parallax_layout_bg_size_tablet&quot;:&quot;&quot;,&quot;jet_parallax_layout_bg_size_mobile&quot;:&quot;&quot;,&quot;jet_parallax_layout_animation_prop&quot;:&quot;transform&quot;,&quot;jet_parallax_layout_on&quot;:[&quot;desktop&quot;,&quot;tablet&quot;]}],&quot;background_background&quot;:&quot;classic&quot;}\">\n\t\t\t\t\t\t<div class=\"elementor-container elementor-column-gap-default\">\n\t\t\t\t\t<div class=\"elementor-column elementor-col-50 elementor-top-column elementor-element elementor-element-88d4355\" data-id=\"88d4355\" data-element_type=\"column\" data-settings=\"{&quot;background_background&quot;:&quot;classic&quot;}\">\n\t\t\t<div class=\"elementor-widget-wrap elementor-element-populated\">\n\t\t\t\t\t\t\t\t<div class=\"elementor-element elementor-element-f450f72 elementor-widget elementor-widget-heading\" data-id=\"f450f72\" data-element_type=\"widget\" data-widget_type=\"heading.default\">\n\t\t\t\t<div class=\"elementor-widget-container\">\n\t\t\t<h2 class=\"elementor-heading-title elementor-size-default\">Our Monitoring Service offers:<\/h2>\t\t<\/div>\n\t\t\t\t<\/div>\n\t\t\t\t<div class=\"elementor-element elementor-element-69ba398 elementor-invisible elementor-widget elementor-widget-text-editor\" data-id=\"69ba398\" data-element_type=\"widget\" data-settings=\"{&quot;_animation&quot;:&quot;fadeInUp&quot;}\" data-widget_type=\"text-editor.default\">\n\t\t\t\t<div class=\"elementor-widget-container\">\n\t\t\t\t\t\t\t<p>\u00a0<\/p><p><i class=\"far\" style=\"font-size: 18px;\">\uf14a \u00a0<\/i><span style=\"font-weight: 400;\">High process control remotely<\/span><\/p><p><span style=\"font-weight: 400;\"><i class=\"fas\" style=\"font-size: 16px;\"><i class=\"far\" style=\"font-size: 18px;\">\uf14a<\/i> \u00a0<\/i>24 hour monitoring service<\/span><\/p><p><span style=\"font-weight: 400;\"><i class=\"fas\" style=\"font-size: 16px;\"><i class=\"far\" style=\"font-size: 18px;\">\uf14a<\/i> \u00a0<\/i>real time data<\/span><\/p><p><span style=\"font-weight: 400;\"><i class=\"fas\" style=\"font-size: 16px;\"><i class=\"far\" style=\"font-size: 18px;\">\uf14a<\/i> \u00a0<\/i>Data collection and processing<\/span><\/p><p><span style=\"font-weight: 400;\"><i class=\"fas\" style=\"font-size: 16px;\"><i class=\"far\" style=\"font-size: 18px;\">\uf14a<\/i> \u00a0<\/i>fault detection alarm\u00a0<\/span><\/p><p><span style=\"font-weight: 400;\"><i class=\"fas\" style=\"font-size: 16px;\"><i class=\"far\" style=\"font-size: 18px;\">\uf14a<\/i> \u00a0<\/i>Quality Control<\/span><\/p>\t\t\t\t\t\t<\/div>\n\t\t\t\t<\/div>\n\t\t\t\t\t<\/div>\n\t\t<\/div>\n\t\t\t\t<div class=\"elementor-column elementor-col-50 elementor-top-column elementor-element elementor-element-711770b\" data-id=\"711770b\" data-element_type=\"column\" data-settings=\"{&quot;background_background&quot;:&quot;classic&quot;}\">\n\t\t\t<div class=\"elementor-widget-wrap elementor-element-populated\">\n\t\t\t\t\t\t\t\t<div class=\"elementor-element elementor-element-d8af725 elementor-widget elementor-widget-heading\" data-id=\"d8af725\" data-element_type=\"widget\" data-widget_type=\"heading.default\">\n\t\t\t\t<div class=\"elementor-widget-container\">\n\t\t\t<h2 class=\"elementor-heading-title elementor-size-default\">Companies that currently require our control center satisfactorily:<\/h2>\t\t<\/div>\n\t\t\t\t<\/div>\n\t\t\t\t<div class=\"elementor-element elementor-element-74c7775 elementor-invisible elementor-widget elementor-widget-text-editor\" data-id=\"74c7775\" data-element_type=\"widget\" data-settings=\"{&quot;_animation&quot;:&quot;fadeInUp&quot;}\" data-widget_type=\"text-editor.default\">\n\t\t\t\t<div class=\"elementor-widget-container\">\n\t\t\t\t\t\t\t<p><i class=\"fas\" style=\"font-size: 17px;\">\uf5ba\u00a0<\/i><i class=\"fas\" style=\"font-size: 17px;\">\u00a0<\/i><span style=\"font-weight: 400;\">AVICOLA GRECIA - Panama<\/span><\/p><p><span style=\"font-weight: 400;\"><i class=\"fas\" style=\"font-size: 17px;\">\uf5ba\u00a0<\/i><i class=\"fas\" style=\"font-size: 17px;\">\u00a0<\/i>AVICOLA MAFER - Panama<\/span><\/p><p><span style=\"font-weight: 400;\"><i class=\"fas\" style=\"font-size: 17px;\">\uf5ba\u00a0<\/i><i class=\"fas\" style=\"font-size: 17px;\">\u00a0<\/i>CONCEPTO SOLAR - Panama\u00a0<\/span><\/p><p><span style=\"font-weight: 400;\"><i class=\"fas\" style=\"font-size: 17px;\">\uf5ba\u00a0<\/i><i class=\"fas\" style=\"font-size: 17px;\">\u00a0<\/i>DACONAN STAR SOLAR - Panama<\/span><\/p><p><span style=\"font-weight: 400;\"><i class=\"fas\" style=\"font-size: 17px;\">\uf5ba\u00a0<\/i><i class=\"fas\" style=\"font-size: 17px;\">\u00a0<\/i>FARALLON SOLAR - Panama<\/span><\/p><p><span style=\"font-weight: 400;\"><i class=\"fas\" style=\"font-size: 17px;\">\uf5ba\u00a0<\/i><i class=\"fas\" style=\"font-size: 17px;\">\u00a0<\/i>MACANO SOLAR - Panama\u00a0<\/span><\/p><p><span style=\"font-weight: 400;\"><i class=\"fas\" style=\"font-size: 17px;\">\uf5ba\u00a0<\/i><i class=\"fas\" style=\"font-size: 17px;\">\u00a0<\/i>SABIS\u00ae International School - Panama<\/span><\/p>\t\t\t\t\t\t<\/div>\n\t\t\t\t<\/div>\n\t\t\t\t\t<\/div>\n\t\t<\/div>\n\t\t\t\t\t\t\t<\/div>\n\t\t<\/section>\n\t\t\t\t\t\t\t<\/div>","protected":false},"excerpt":{"rendered":"<p>Centro de Control Por medio de nuestro servicio de monitoreo SCADA su compa\u00f1\u00eda podr\u00e1 contar con la herramienta necesaria para supervisar cualquier proyecto a distancia y a tiempo real. \u00a0Ofrecemos el servicio de centro de control industrial y automatizaci\u00f3n con el sistema SCADA para todo tipo de industria. Haz clic aqu\u00ed Nuestro Servicio de monitoreo [&hellip;]<\/p>","protected":false},"author":1,"featured_media":0,"parent":0,"menu_order":0,"comment_status":"closed","ping_status":"closed","template":"elementor_header_footer","meta":{"bgseo_title":"","bgseo_description":"","bgseo_robots_index":"index","bgseo_robots_follow":"follow","footnotes":""},"class_list":["post-1371","page","type-page","status-publish","hentry"],"acf":[],"_links":{"self":[{"href":"https:\/\/www.istmo-energy.com\/en\/wp-json\/wp\/v2\/pages\/1371","targetHints":{"allow":["GET"]}}],"collection":[{"href":"https:\/\/www.istmo-energy.com\/en\/wp-json\/wp\/v2\/pages"}],"about":[{"href":"https:\/\/www.istmo-energy.com\/en\/wp-json\/wp\/v2\/types\/page"}],"author":[{"embeddable":true,"href":"https:\/\/www.istmo-energy.com\/en\/wp-json\/wp\/v2\/users\/1"}],"replies":[{"embeddable":true,"href":"https:\/\/www.istmo-energy.com\/en\/wp-json\/wp\/v2\/comments?post=1371"}],"version-history":[{"count":10,"href":"https:\/\/www.istmo-energy.com\/en\/wp-json\/wp\/v2\/pages\/1371\/revisions"}],"predecessor-version":[{"id":2471,"href":"https:\/\/www.istmo-energy.com\/en\/wp-json\/wp\/v2\/pages\/1371\/revisions\/2471"}],"wp:attachment":[{"href":"https:\/\/www.istmo-energy.com\/en\/wp-json\/wp\/v2\/media?parent=1371"}],"curies":[{"name":"wp","href":"https:\/\/api.w.org\/{rel}","templated":true}]}}