{"id":1620,"date":"2021-05-28T06:27:10","date_gmt":"2021-05-28T11:27:10","guid":{"rendered":"https:\/\/www.istmo-energy.com\/?page_id=1620"},"modified":"2023-04-25T15:10:28","modified_gmt":"2023-04-25T20:10:28","slug":"noticias","status":"publish","type":"page","link":"https:\/\/www.istmo-energy.com\/en\/noticias\/","title":{"rendered":"News"},"content":{"rendered":"<div data-elementor-type=\"wp-post\" data-elementor-id=\"1620\" class=\"elementor elementor-1620\">\n\t\t\t\t\t\t\t\t\t<section class=\"elementor-section elementor-top-section elementor-element elementor-element-0fb9964 elementor-section-stretched elementor-section-boxed elementor-section-height-default elementor-section-height-default\" data-id=\"0fb9964\" data-element_type=\"section\" data-settings=\"{&quot;stretch_section&quot;:&quot;section-stretched&quot;,&quot;jet_parallax_layout_list&quot;:[{&quot;jet_parallax_layout_image&quot;:{&quot;url&quot;:&quot;&quot;,&quot;id&quot;:&quot;&quot;,&quot;size&quot;:&quot;&quot;},&quot;_id&quot;:&quot;4d9aae0&quot;,&quot;jet_parallax_layout_image_tablet&quot;:{&quot;url&quot;:&quot;&quot;,&quot;id&quot;:&quot;&quot;,&quot;size&quot;:&quot;&quot;},&quot;jet_parallax_layout_image_mobile&quot;:{&quot;url&quot;:&quot;&quot;,&quot;id&quot;:&quot;&quot;,&quot;size&quot;:&quot;&quot;},&quot;jet_parallax_layout_speed&quot;:{&quot;unit&quot;:&quot;%&quot;,&quot;size&quot;:50,&quot;sizes&quot;:[]},&quot;jet_parallax_layout_type&quot;:&quot;scroll&quot;,&quot;jet_parallax_layout_direction&quot;:null,&quot;jet_parallax_layout_fx_direction&quot;:null,&quot;jet_parallax_layout_z_index&quot;:&quot;&quot;,&quot;jet_parallax_layout_bg_x&quot;:50,&quot;jet_parallax_layout_bg_x_tablet&quot;:&quot;&quot;,&quot;jet_parallax_layout_bg_x_mobile&quot;:&quot;&quot;,&quot;jet_parallax_layout_bg_y&quot;:50,&quot;jet_parallax_layout_bg_y_tablet&quot;:&quot;&quot;,&quot;jet_parallax_layout_bg_y_mobile&quot;:&quot;&quot;,&quot;jet_parallax_layout_bg_size&quot;:&quot;auto&quot;,&quot;jet_parallax_layout_bg_size_tablet&quot;:&quot;&quot;,&quot;jet_parallax_layout_bg_size_mobile&quot;:&quot;&quot;,&quot;jet_parallax_layout_animation_prop&quot;:&quot;transform&quot;,&quot;jet_parallax_layout_on&quot;:[&quot;desktop&quot;,&quot;tablet&quot;]}],&quot;background_background&quot;:&quot;classic&quot;,&quot;shape_divider_bottom&quot;:&quot;mountains&quot;}\">\n\t\t\t\t\t\t\t<div class=\"elementor-background-overlay\"><\/div>\n\t\t\t\t\t\t<div class=\"elementor-shape elementor-shape-bottom\" data-negative=\"false\">\n\t\t\t<svg xmlns=\"http:\/\/www.w3.org\/2000\/svg\" viewbox=\"0 0 1000 100\" preserveaspectratio=\"none\">\n\t<path class=\"elementor-shape-fill\" opacity=\"0.33\" d=\"M473,67.3c-203.9,88.3-263.1-34-320.3,0C66,119.1,0,59.7,0,59.7V0h1000v59.7 c0,0-62.1,26.1-94.9,29.3c-32.8,3.3-62.8-12.3-75.8-22.1C806,49.6,745.3,8.7,694.9,4.7S492.4,59,473,67.3z\"\/>\n\t<path class=\"elementor-shape-fill\" opacity=\"0.66\" d=\"M734,67.3c-45.5,0-77.2-23.2-129.1-39.1c-28.6-8.7-150.3-10.1-254,39.1 s-91.7-34.4-149.2,0C115.7,118.3,0,39.8,0,39.8V0h1000v36.5c0,0-28.2-18.5-92.1-18.5C810.2,18.1,775.7,67.3,734,67.3z\"\/>\n\t<path class=\"elementor-shape-fill\" d=\"M766.1,28.9c-200-57.5-266,65.5-395.1,19.5C242,1.8,242,5.4,184.8,20.6C128,35.8,132.3,44.9,89.9,52.5C28.6,63.7,0,0,0,0 h1000c0,0-9.9,40.9-83.6,48.1S829.6,47,766.1,28.9z\"\/>\n<\/svg>\t\t<\/div>\n\t\t\t\t\t<div class=\"elementor-container elementor-column-gap-default\">\n\t\t\t\t\t<div class=\"elementor-column elementor-col-100 elementor-top-column elementor-element elementor-element-e254a20\" data-id=\"e254a20\" data-element_type=\"column\">\n\t\t\t<div class=\"elementor-widget-wrap elementor-element-populated\">\n\t\t\t\t\t\t\t\t<section class=\"elementor-section elementor-inner-section elementor-element elementor-element-6f91b7d elementor-section-boxed elementor-section-height-default elementor-section-height-default\" data-id=\"6f91b7d\" data-element_type=\"section\" data-settings=\"{&quot;jet_parallax_layout_list&quot;:[{&quot;jet_parallax_layout_image&quot;:{&quot;url&quot;:&quot;&quot;,&quot;id&quot;:&quot;&quot;,&quot;size&quot;:&quot;&quot;},&quot;_id&quot;:&quot;3704400&quot;,&quot;jet_parallax_layout_image_tablet&quot;:{&quot;url&quot;:&quot;&quot;,&quot;id&quot;:&quot;&quot;,&quot;size&quot;:&quot;&quot;},&quot;jet_parallax_layout_image_mobile&quot;:{&quot;url&quot;:&quot;&quot;,&quot;id&quot;:&quot;&quot;,&quot;size&quot;:&quot;&quot;},&quot;jet_parallax_layout_speed&quot;:{&quot;unit&quot;:&quot;%&quot;,&quot;size&quot;:50,&quot;sizes&quot;:[]},&quot;jet_parallax_layout_type&quot;:&quot;scroll&quot;,&quot;jet_parallax_layout_direction&quot;:null,&quot;jet_parallax_layout_fx_direction&quot;:null,&quot;jet_parallax_layout_z_index&quot;:&quot;&quot;,&quot;jet_parallax_layout_bg_x&quot;:50,&quot;jet_parallax_layout_bg_x_tablet&quot;:&quot;&quot;,&quot;jet_parallax_layout_bg_x_mobile&quot;:&quot;&quot;,&quot;jet_parallax_layout_bg_y&quot;:50,&quot;jet_parallax_layout_bg_y_tablet&quot;:&quot;&quot;,&quot;jet_parallax_layout_bg_y_mobile&quot;:&quot;&quot;,&quot;jet_parallax_layout_bg_size&quot;:&quot;auto&quot;,&quot;jet_parallax_layout_bg_size_tablet&quot;:&quot;&quot;,&quot;jet_parallax_layout_bg_size_mobile&quot;:&quot;&quot;,&quot;jet_parallax_layout_animation_prop&quot;:&quot;transform&quot;,&quot;jet_parallax_layout_on&quot;:[&quot;desktop&quot;,&quot;tablet&quot;]}]}\">\n\t\t\t\t\t\t<div class=\"elementor-container elementor-column-gap-default\">\n\t\t\t\t\t<div class=\"elementor-column elementor-col-50 elementor-inner-column elementor-element elementor-element-3a21183\" data-id=\"3a21183\" data-element_type=\"column\">\n\t\t\t<div class=\"elementor-widget-wrap elementor-element-populated\">\n\t\t\t\t\t\t\t\t<div class=\"elementor-element elementor-element-02e5969 elementor-invisible elementor-widget elementor-widget-heading\" data-id=\"02e5969\" data-element_type=\"widget\" data-settings=\"{&quot;_animation&quot;:&quot;fadeInUp&quot;}\" data-widget_type=\"heading.default\">\n\t\t\t\t<div class=\"elementor-widget-container\">\n\t\t\t<h2 class=\"elementor-heading-title elementor-size-default\">News<\/h2>\t\t<\/div>\n\t\t\t\t<\/div>\n\t\t\t\t<div class=\"elementor-element elementor-element-592453c elementor-invisible elementor-widget elementor-widget-heading\" data-id=\"592453c\" data-element_type=\"widget\" data-settings=\"{&quot;_animation&quot;:&quot;fadeInUp&quot;,&quot;_animation_delay&quot;:50}\" data-widget_type=\"heading.default\">\n\t\t\t\t<div class=\"elementor-widget-container\">\n\t\t\t<h2 class=\"elementor-heading-title elementor-size-default\">We invite you to learn more about the Electric Market worldwide and find out about our activities within the Energy Industry.<\/h2>\t\t<\/div>\n\t\t\t\t<\/div>\n\t\t\t\t\t<\/div>\n\t\t<\/div>\n\t\t\t\t<div class=\"elementor-column elementor-col-50 elementor-inner-column elementor-element elementor-element-f71ba6c\" data-id=\"f71ba6c\" data-element_type=\"column\">\n\t\t\t<div class=\"elementor-widget-wrap elementor-element-populated\">\n\t\t\t\t\t\t\t\t<div class=\"elementor-element elementor-element-39f28d6 elementor-invisible elementor-widget elementor-widget-image\" data-id=\"39f28d6\" data-element_type=\"widget\" data-settings=\"{&quot;_animation&quot;:&quot;fadeInUp&quot;,&quot;_animation_delay&quot;:100}\" data-widget_type=\"image.default\">\n\t\t\t\t<div class=\"elementor-widget-container\">\n\t\t\t\t\t\t\t\t\t\t\t\t\t\t\t<img loading=\"lazy\" decoding=\"async\" width=\"944\" height=\"1024\" src=\"https:\/\/www.istmo-energy.com\/wp-content\/uploads\/2021\/05\/IE-Noticias2@3x-944x1024.png\" class=\"attachment-large size-large wp-image-1663\" alt=\"\" srcset=\"https:\/\/www.istmo-energy.com\/wp-content\/uploads\/2021\/05\/IE-Noticias2@3x-944x1024.png 944w, https:\/\/www.istmo-energy.com\/wp-content\/uploads\/2021\/05\/IE-Noticias2@3x-276x300.png 276w, https:\/\/www.istmo-energy.com\/wp-content\/uploads\/2021\/05\/IE-Noticias2@3x-768x833.png 768w, https:\/\/www.istmo-energy.com\/wp-content\/uploads\/2021\/05\/IE-Noticias2@3x-250x271.png 250w, https:\/\/www.istmo-energy.com\/wp-content\/uploads\/2021\/05\/IE-Noticias2@3x-550x597.png 550w, https:\/\/www.istmo-energy.com\/wp-content\/uploads\/2021\/05\/IE-Noticias2@3x-800x868.png 800w, https:\/\/www.istmo-energy.com\/wp-content\/uploads\/2021\/05\/IE-Noticias2@3x-166x180.png 166w, https:\/\/www.istmo-energy.com\/wp-content\/uploads\/2021\/05\/IE-Noticias2@3x-461x500.png 461w, https:\/\/www.istmo-energy.com\/wp-content\/uploads\/2021\/05\/IE-Noticias2@3x.png 952w\" sizes=\"auto, (max-width: 944px) 100vw, 944px\" \/>\t\t\t\t\t\t\t\t\t\t\t\t\t\t\t<\/div>\n\t\t\t\t<\/div>\n\t\t\t\t\t<\/div>\n\t\t<\/div>\n\t\t\t\t\t\t\t<\/div>\n\t\t<\/section>\n\t\t\t\t<div class=\"elementor-element elementor-element-8deccad elementor-widget elementor-widget-button\" data-id=\"8deccad\" data-element_type=\"widget\" data-widget_type=\"button.default\">\n\t\t\t\t<div class=\"elementor-widget-container\">\n\t\t\t\t\t<div class=\"elementor-button-wrapper\">\n\t\t\t<a href=\"\" class=\"elementor-button-link elementor-button elementor-size-sm elementor-animation-grow\" role=\"button\" id=\"https:\/\/www.instagram.com\/istmoenergy\/\">\n\t\t\t\t\t\t<span class=\"elementor-button-content-wrapper\">\n\t\t\t\t\t\t\t<span class=\"elementor-button-icon elementor-align-icon-left\">\n\t\t\t\t<i aria-hidden=\"true\" class=\"fab fa-instagram\"><\/i>\t\t\t<\/span>\n\t\t\t\t\t\t<span class=\"elementor-button-text\">Press me<\/span>\n\t\t<\/span>\n\t\t\t\t\t<\/a>\n\t\t<\/div>\n\t\t\t\t<\/div>\n\t\t\t\t<\/div>\n\t\t\t\t\t<\/div>\n\t\t<\/div>\n\t\t\t\t\t\t\t<\/div>\n\t\t<\/section>\n\t\t\t\t<section class=\"elementor-section elementor-top-section elementor-element elementor-element-74b133b elementor-section-boxed elementor-section-height-default elementor-section-height-default\" data-id=\"74b133b\" data-element_type=\"section\" data-settings=\"{&quot;jet_parallax_layout_list&quot;:[{&quot;jet_parallax_layout_image&quot;:{&quot;url&quot;:&quot;&quot;,&quot;id&quot;:&quot;&quot;,&quot;size&quot;:&quot;&quot;},&quot;_id&quot;:&quot;6d54502&quot;,&quot;jet_parallax_layout_image_tablet&quot;:{&quot;url&quot;:&quot;&quot;,&quot;id&quot;:&quot;&quot;,&quot;size&quot;:&quot;&quot;},&quot;jet_parallax_layout_image_mobile&quot;:{&quot;url&quot;:&quot;&quot;,&quot;id&quot;:&quot;&quot;,&quot;size&quot;:&quot;&quot;},&quot;jet_parallax_layout_speed&quot;:{&quot;unit&quot;:&quot;%&quot;,&quot;size&quot;:50,&quot;sizes&quot;:[]},&quot;jet_parallax_layout_type&quot;:&quot;scroll&quot;,&quot;jet_parallax_layout_direction&quot;:null,&quot;jet_parallax_layout_fx_direction&quot;:null,&quot;jet_parallax_layout_z_index&quot;:&quot;&quot;,&quot;jet_parallax_layout_bg_x&quot;:50,&quot;jet_parallax_layout_bg_x_tablet&quot;:&quot;&quot;,&quot;jet_parallax_layout_bg_x_mobile&quot;:&quot;&quot;,&quot;jet_parallax_layout_bg_y&quot;:50,&quot;jet_parallax_layout_bg_y_tablet&quot;:&quot;&quot;,&quot;jet_parallax_layout_bg_y_mobile&quot;:&quot;&quot;,&quot;jet_parallax_layout_bg_size&quot;:&quot;auto&quot;,&quot;jet_parallax_layout_bg_size_tablet&quot;:&quot;&quot;,&quot;jet_parallax_layout_bg_size_mobile&quot;:&quot;&quot;,&quot;jet_parallax_layout_animation_prop&quot;:&quot;transform&quot;,&quot;jet_parallax_layout_on&quot;:[&quot;desktop&quot;,&quot;tablet&quot;]}]}\">\n\t\t\t\t\t\t<div class=\"elementor-container elementor-column-gap-default\">\n\t\t\t\t\t<div class=\"elementor-column elementor-col-100 elementor-top-column elementor-element elementor-element-46667fb\" data-id=\"46667fb\" data-element_type=\"column\">\n\t\t\t<div class=\"elementor-widget-wrap elementor-element-populated\">\n\t\t\t\t\t\t\t\t<div class=\"elementor-element elementor-element-3b6efcc elementor-align-center elementor-widget elementor-widget-jet-lottie\" data-id=\"3b6efcc\" data-element_type=\"widget\" data-widget_type=\"jet-lottie.default\">\n\t\t\t\t<div class=\"elementor-widget-container\">\n\t\t\t<div class=\"elementor-jet-lottie jet-elements\"><div class=\"jet-lottie\" data-settings=\"{&quot;path&quot;:&quot;https:\\\/\\\/www.istmo-energy.com\\\/wp-content\\\/uploads\\\/2021\\\/06\\\/IE-down-black.json&quot;,&quot;renderer&quot;:&quot;svg&quot;,&quot;action_start&quot;:&quot;autoplay&quot;,&quot;delay&quot;:&quot;&quot;,&quot;on_hover_out&quot;:null,&quot;redirect_timeout&quot;:null,&quot;viewport&quot;:&quot;&quot;,&quot;loop&quot;:true,&quot;loop_times&quot;:&quot;&quot;,&quot;reversed&quot;:false,&quot;play_speed&quot;:1}\"><div class=\"jet-lottie__elem\"><\/div><\/div><\/div>\t\t<\/div>\n\t\t\t\t<\/div>\n\t\t\t\t<div class=\"elementor-element elementor-element-34887fe elementor-widget-divider--view-line elementor-invisible elementor-widget elementor-widget-divider\" data-id=\"34887fe\" data-element_type=\"widget\" data-settings=\"{&quot;_animation&quot;:&quot;fadeInUp&quot;,&quot;_animation_delay&quot;:50}\" data-widget_type=\"divider.default\">\n\t\t\t\t<div class=\"elementor-widget-container\">\n\t\t\t\t\t<div class=\"elementor-divider\">\n\t\t\t<span class=\"elementor-divider-separator\">\n\t\t\t\t\t\t<\/span>\n\t\t<\/div>\n\t\t\t\t<\/div>\n\t\t\t\t<\/div>\n\t\t\t\t<div class=\"elementor-element elementor-element-a4161ee elementor-widget elementor-widget-spacer\" data-id=\"a4161ee\" data-element_type=\"widget\" data-widget_type=\"spacer.default\">\n\t\t\t\t<div class=\"elementor-widget-container\">\n\t\t\t\t\t<div class=\"elementor-spacer\">\n\t\t\t<div class=\"elementor-spacer-inner\"><\/div>\n\t\t<\/div>\n\t\t\t\t<\/div>\n\t\t\t\t<\/div>\n\t\t\t\t<div class=\"elementor-element elementor-element-b10ec4e raven-hover-scale-up elementor-invisible elementor-widget elementor-widget-raven-posts\" data-id=\"b10ec4e\" data-element_type=\"widget\" data-settings=\"{&quot;query_posts_per_page&quot;:12,&quot;_animation&quot;:&quot;fadeInUp&quot;,&quot;_animation_delay&quot;:150,&quot;_skin&quot;:&quot;classic&quot;,&quot;classic_layout&quot;:&quot;grid&quot;,&quot;classic_columns&quot;:&quot;3&quot;,&quot;classic_columns_tablet&quot;:&quot;2&quot;,&quot;classic_columns_mobile&quot;:&quot;1&quot;,&quot;query_offset&quot;:0}\" data-widget_type=\"raven-posts.classic\">\n\t\t\t\t<div class=\"elementor-widget-container\">\n\t\t\t\t\t<div class=\"raven-posts raven-grid raven-grid-3 raven-grid-mobile-1 raven-grid-tablet-2\" data-post-id=\"1620\" data-archive-query=\"\">\n\t\t\t\t<div class=\"raven-grid-item raven-post-item post-1180 post type-post status-publish format-standard has-post-thumbnail hentry category-noticias\">\n\t\t\t<div class=\"raven-post elementor-animation-grow\">\n\t\t\t\t\t\t<div class=\"raven-post-image-wrap\">\n\t\t\t<a class=\"raven-post-image raven-image-fit\" href=\"https:\/\/www.istmo-energy.com\/en\/noticias\/centro-nacional-de-despacho\/\"><img loading=\"lazy\" decoding=\"async\" width=\"1024\" height=\"647\" src=\"https:\/\/www.istmo-energy.com\/wp-content\/uploads\/2021\/05\/CND-1024x647.jpg\" class=\"attachment-large size-large wp-image-1188\" alt=\"\" srcset=\"https:\/\/www.istmo-energy.com\/wp-content\/uploads\/2021\/05\/CND-1024x647.jpg 1024w, https:\/\/www.istmo-energy.com\/wp-content\/uploads\/2021\/05\/CND-300x190.jpg 300w, https:\/\/www.istmo-energy.com\/wp-content\/uploads\/2021\/05\/CND-768x485.jpg 768w, https:\/\/www.istmo-energy.com\/wp-content\/uploads\/2021\/05\/CND-1536x970.jpg 1536w, https:\/\/www.istmo-energy.com\/wp-content\/uploads\/2021\/05\/CND-2048x1294.jpg 2048w, https:\/\/www.istmo-energy.com\/wp-content\/uploads\/2021\/05\/CND-250x158.jpg 250w, https:\/\/www.istmo-energy.com\/wp-content\/uploads\/2021\/05\/CND-550x347.jpg 550w, https:\/\/www.istmo-energy.com\/wp-content\/uploads\/2021\/05\/CND-800x505.jpg 800w, https:\/\/www.istmo-energy.com\/wp-content\/uploads\/2021\/05\/CND-285x180.jpg 285w, https:\/\/www.istmo-energy.com\/wp-content\/uploads\/2021\/05\/CND-475x300.jpg 475w, https:\/\/www.istmo-energy.com\/wp-content\/uploads\/2021\/05\/CND-791x500.jpg 791w\" sizes=\"auto, (max-width: 1024px) 100vw, 1024px\" \/> <span class=\"raven-post-image-overlay\"><\/span><\/a>\t\t<\/div>\n\t\t\t\t\t\t<div class=\"raven-post-content\">\n\t\t\t\t\t<h3 class=\"raven-post-title\"><a class=\"raven-post-title-link\" href=\"https:\/\/www.istmo-energy.com\/en\/noticias\/centro-nacional-de-despacho\/\">National Dispatch Center<\/a><\/h3>\t\t\t\t<\/div>\n\t\t\t<\/div>\n\t\t<\/div>\n\t\t\t\t<div class=\"raven-grid-item raven-post-item post-1167 post type-post status-publish format-standard has-post-thumbnail hentry category-noticias\">\n\t\t\t<div class=\"raven-post elementor-animation-grow\">\n\t\t\t\t\t\t<div class=\"raven-post-image-wrap\">\n\t\t\t<a class=\"raven-post-image raven-image-fit\" href=\"https:\/\/www.istmo-energy.com\/en\/noticias\/etesa\/\"><img loading=\"lazy\" decoding=\"async\" width=\"1024\" height=\"647\" src=\"https:\/\/www.istmo-energy.com\/wp-content\/uploads\/2021\/05\/Entrevista-Mundo-Social_2-1024x647.jpg\" class=\"attachment-large size-large wp-image-1186\" alt=\"\" srcset=\"https:\/\/www.istmo-energy.com\/wp-content\/uploads\/2021\/05\/Entrevista-Mundo-Social_2-1024x647.jpg 1024w, https:\/\/www.istmo-energy.com\/wp-content\/uploads\/2021\/05\/Entrevista-Mundo-Social_2-300x189.jpg 300w, https:\/\/www.istmo-energy.com\/wp-content\/uploads\/2021\/05\/Entrevista-Mundo-Social_2-768x485.jpg 768w, https:\/\/www.istmo-energy.com\/wp-content\/uploads\/2021\/05\/Entrevista-Mundo-Social_2-250x158.jpg 250w, https:\/\/www.istmo-energy.com\/wp-content\/uploads\/2021\/05\/Entrevista-Mundo-Social_2-550x347.jpg 550w, https:\/\/www.istmo-energy.com\/wp-content\/uploads\/2021\/05\/Entrevista-Mundo-Social_2-800x505.jpg 800w, https:\/\/www.istmo-energy.com\/wp-content\/uploads\/2021\/05\/Entrevista-Mundo-Social_2-285x180.jpg 285w, https:\/\/www.istmo-energy.com\/wp-content\/uploads\/2021\/05\/Entrevista-Mundo-Social_2-475x300.jpg 475w, https:\/\/www.istmo-energy.com\/wp-content\/uploads\/2021\/05\/Entrevista-Mundo-Social_2-792x500.jpg 792w, https:\/\/www.istmo-energy.com\/wp-content\/uploads\/2021\/05\/Entrevista-Mundo-Social_2.jpg 1140w\" sizes=\"auto, (max-width: 1024px) 100vw, 1024px\" \/> <span class=\"raven-post-image-overlay\"><\/span><\/a>\t\t<\/div>\n\t\t\t\t\t\t<div class=\"raven-post-content\">\n\t\t\t\t\t<h3 class=\"raven-post-title\"><a class=\"raven-post-title-link\" href=\"https:\/\/www.istmo-energy.com\/en\/noticias\/etesa\/\">Social World \u2013 Interview with Daniel Hern\u00e1ndez<\/a><\/h3>\t\t\t\t<\/div>\n\t\t\t<\/div>\n\t\t<\/div>\n\t\t\t\t<div class=\"raven-grid-item raven-post-item post-1158 post type-post status-publish format-standard has-post-thumbnail hentry category-noticias\">\n\t\t\t<div class=\"raven-post elementor-animation-grow\">\n\t\t\t\t\t\t<div class=\"raven-post-image-wrap\">\n\t\t\t<a class=\"raven-post-image raven-image-fit\" href=\"https:\/\/www.istmo-energy.com\/en\/noticias\/hablemos-de-energia-boletin-oficial-del-sector-energetico-panameno\/\"><img loading=\"lazy\" decoding=\"async\" width=\"1024\" height=\"647\" src=\"https:\/\/www.istmo-energy.com\/wp-content\/uploads\/2021\/05\/Hablemos-de-Energia-Mayo2021-1024x647.jpg\" class=\"attachment-large size-large wp-image-1187\" alt=\"\" srcset=\"https:\/\/www.istmo-energy.com\/wp-content\/uploads\/2021\/05\/Hablemos-de-Energia-Mayo2021-1024x647.jpg 1024w, https:\/\/www.istmo-energy.com\/wp-content\/uploads\/2021\/05\/Hablemos-de-Energia-Mayo2021-300x190.jpg 300w, https:\/\/www.istmo-energy.com\/wp-content\/uploads\/2021\/05\/Hablemos-de-Energia-Mayo2021-768x485.jpg 768w, https:\/\/www.istmo-energy.com\/wp-content\/uploads\/2021\/05\/Hablemos-de-Energia-Mayo2021-1536x970.jpg 1536w, https:\/\/www.istmo-energy.com\/wp-content\/uploads\/2021\/05\/Hablemos-de-Energia-Mayo2021-2048x1294.jpg 2048w, https:\/\/www.istmo-energy.com\/wp-content\/uploads\/2021\/05\/Hablemos-de-Energia-Mayo2021-250x158.jpg 250w, https:\/\/www.istmo-energy.com\/wp-content\/uploads\/2021\/05\/Hablemos-de-Energia-Mayo2021-550x347.jpg 550w, https:\/\/www.istmo-energy.com\/wp-content\/uploads\/2021\/05\/Hablemos-de-Energia-Mayo2021-800x505.jpg 800w, https:\/\/www.istmo-energy.com\/wp-content\/uploads\/2021\/05\/Hablemos-de-Energia-Mayo2021-285x180.jpg 285w, https:\/\/www.istmo-energy.com\/wp-content\/uploads\/2021\/05\/Hablemos-de-Energia-Mayo2021-475x300.jpg 475w, https:\/\/www.istmo-energy.com\/wp-content\/uploads\/2021\/05\/Hablemos-de-Energia-Mayo2021-791x500.jpg 791w\" sizes=\"auto, (max-width: 1024px) 100vw, 1024px\" \/> <span class=\"raven-post-image-overlay\"><\/span><\/a>\t\t<\/div>\n\t\t\t\t\t\t<div class=\"raven-post-content\">\n\t\t\t\t\t<h3 class=\"raven-post-title\"><a class=\"raven-post-title-link\" href=\"https:\/\/www.istmo-energy.com\/en\/noticias\/hablemos-de-energia-boletin-oficial-del-sector-energetico-panameno\/\">Informative Bulletin: \"Let's talk about Energy\" Panamanian energy sector<\/a><\/h3>\t\t\t\t<\/div>\n\t\t\t<\/div>\n\t\t<\/div>\n\t\t\t\t<\/div>\n\t\t\t\t<\/div>\n\t\t\t\t<\/div>\n\t\t\t\t\t<\/div>\n\t\t<\/div>\n\t\t\t\t\t\t\t<\/div>\n\t\t<\/section>\n\t\t\t\t\t\t\t<\/div>","protected":false},"excerpt":{"rendered":"<p>Noticias Te invitamos a conocer las noticias del mercado el\u00e9ctrico en el mundo e informarte de nuestras actividades dentro de la industria el\u00e9ctrica. PULSAME Centro Nacional de Despacho Mundo Social &#8211; Entrevista a Daniel Hern\u00e1ndez Bolet\u00edn Informativo: \u00abHablemos de Energ\u00eda\u00bb Sector energ\u00e9tico paname\u00f1o<\/p>","protected":false},"author":1,"featured_media":0,"parent":0,"menu_order":0,"comment_status":"closed","ping_status":"closed","template":"elementor_header_footer","meta":{"bgseo_title":"","bgseo_description":"","bgseo_robots_index":"index","bgseo_robots_follow":"follow","footnotes":""},"class_list":["post-1620","page","type-page","status-publish","hentry"],"acf":[],"_links":{"self":[{"href":"https:\/\/www.istmo-energy.com\/en\/wp-json\/wp\/v2\/pages\/1620","targetHints":{"allow":["GET"]}}],"collection":[{"href":"https:\/\/www.istmo-energy.com\/en\/wp-json\/wp\/v2\/pages"}],"about":[{"href":"https:\/\/www.istmo-energy.com\/en\/wp-json\/wp\/v2\/types\/page"}],"author":[{"embeddable":true,"href":"https:\/\/www.istmo-energy.com\/en\/wp-json\/wp\/v2\/users\/1"}],"replies":[{"embeddable":true,"href":"https:\/\/www.istmo-energy.com\/en\/wp-json\/wp\/v2\/comments?post=1620"}],"version-history":[{"count":10,"href":"https:\/\/www.istmo-energy.com\/en\/wp-json\/wp\/v2\/pages\/1620\/revisions"}],"predecessor-version":[{"id":2511,"href":"https:\/\/www.istmo-energy.com\/en\/wp-json\/wp\/v2\/pages\/1620\/revisions\/2511"}],"wp:attachment":[{"href":"https:\/\/www.istmo-energy.com\/en\/wp-json\/wp\/v2\/media?parent=1620"}],"curies":[{"name":"wp","href":"https:\/\/api.w.org\/{rel}","templated":true}]}}